{"id":6240,"date":"2023-11-29T17:48:14","date_gmt":"2023-11-29T14:48:14","guid":{"rendered":"https:\/\/apdattikis.gov.gr\/?page_id=6240"},"modified":"2023-11-29T17:52:02","modified_gmt":"2023-11-29T14:52:02","slug":"conditions-dutilisation","status":"publish","type":"page","link":"https:\/\/apdattikis.gov.gr\/fr\/conditions-dutilisation\/","title":{"rendered":"Conditions d&#8217;utilisation"},"content":{"rendered":"<ol>\n<li>Le portail en ligne <a href=\"https:\/\/www.apdattikis.gov.gr\">https:\/\/www.apdattikis.gov.gr<\/a> est la propri\u00e9t\u00e9 de l&#8217;Administration d\u00e9centralis\u00e9e de l&#8217;Attique. Son contenu est produit et appartient \u00e0 l&#8217;Administration d\u00e9centralis\u00e9e de l&#8217;Attique, sauf dans les cas o\u00f9 l&#8217;origine du contenu est explicitement indiqu\u00e9e.<\/li>\n<li>La navigation sur le portail en ligne et l&#8217;utilisation de son contenu n\u00e9cessitent l&#8217;acceptation inconditionnelle des conditions d&#8217;utilisation incluses dans ce texte par l&#8217;utilisateur.<\/li>\n<li>L&#8217;utilisation du portail en ligne de l&#8217;Administration d\u00e9centralis\u00e9e de l&#8217;Attique (ci-apr\u00e8s d\u00e9nomm\u00e9 le portail en ligne) doit uniquement se faire \u00e0 des fins l\u00e9gales et de mani\u00e8re licite.<\/li>\n<li>Les visiteurs du portail en ligne ne doivent pas entreprendre d&#8217;actions ou d&#8217;omissions qui compromettent le bon fonctionnement et la disponibilit\u00e9 du portail en ligne de quelque mani\u00e8re que ce soit.<\/li>\n<li>Le contenu du portail en ligne est librement accessible au public. En particulier, la lecture du contenu tel qu&#8217;il est rendu disponible via le portail en ligne est autoris\u00e9e tant que le contenu est accessible. La republication de parties du contenu du portail en ligne est \u00e9galement autoris\u00e9e, \u00e0 condition que le contenu ne soit pas alt\u00e9r\u00e9 de quelque mani\u00e8re que ce soit et qu&#8217;il y ait une r\u00e9f\u00e9rence explicite indiquant qu&#8217;il s&#8217;agit d&#8217;une republication \u00e0 partir du portail en ligne de l&#8217;Administration d\u00e9centralis\u00e9e de l&#8217;Attique, y compris la date de publication et un lien pertinent vers le portail en ligne lorsque cela est possible. Dans tous les cas, tous les droits de propri\u00e9t\u00e9 intellectuelle concernant le contenu et les copies cr\u00e9\u00e9es sur la base de celui-ci sont pr\u00e9serv\u00e9s. Le contenu explicitement sp\u00e9cifi\u00e9 comme \u00e9tant la propri\u00e9t\u00e9 de tiers et n&#8217;appartenant pas \u00e0 l&#8217;Administration d\u00e9centralis\u00e9e de l&#8217;Attique n&#8217;est pas couvert par cette licence. Pour l&#8217;utilisation et l&#8217;exploitation de ce contenu, la partie int\u00e9ress\u00e9e doit contacter les d\u00e9tenteurs des droits concern\u00e9s.<\/li>\n<li>Le portail en ligne peut contenir un contenu sp\u00e9cifique r\u00e9gi par des conditions d&#8217;utilisation diff\u00e9rentes de celles mentionn\u00e9es dans ce texte. Dans ce cas, les conditions d&#8217;utilisation du contenu individuel pr\u00e9valent sur les conditions d&#8217;utilisation de ce texte.<\/li>\n<li>Tous les efforts sont d\u00e9ploy\u00e9s pour garantir que le contenu du portail en ligne soit complet, pr\u00e9cis, v\u00e9ridique, \u00e0 jour et tr\u00e8s disponible. Cependant, l&#8217;Administration d\u00e9centralis\u00e9e de l&#8217;Attique n&#8217;est pas responsable des erreurs qui pourraient exister dans le contenu publi\u00e9 ou des erreurs de manipulation dans le processus de publication, ni des probl\u00e8mes li\u00e9s au r\u00e9seau qui emp\u00eachent l&#8217;acc\u00e8s au portail en ligne.<\/li>\n<li>Tous les efforts sont d\u00e9ploy\u00e9s pour garantir que le contenu du portail en ligne soit s\u00fbr pour les utilisateurs. Cependant, aucune garantie n&#8217;est fournie pour les probl\u00e8mes \u00e9ventuels qui pourraient survenir sur les appareils des utilisateurs lors de l&#8217;utilisation du portail en ligne.<\/li>\n<li>Le portail en ligne contient des r\u00e9f\u00e9rences (liens) vers des sites Web tiers uniquement dans le but de servir les utilisateurs du portail en ligne. L&#8217;Administration d\u00e9centralis\u00e9e de l&#8217;Attique n&#8217;est en aucun cas responsable du contenu des sites Web tiers, et ces r\u00e9f\u00e9rences ne constituent pas une approbation des opinions et actions exprim\u00e9es par eux ou une acceptation de leur contenu.<\/li>\n<li>Tous les efforts sont d\u00e9ploy\u00e9s pour garantir l&#8217;anonymat des utilisateurs du portail en ligne. \u00c0 cette fin, aucun enregistrement des d\u00e9tails de connexion des utilisateurs ordinaires n&#8217;est effectu\u00e9 \u00e0 l&#8217;aide de cookies ou d&#8217;autres m\u00e9canismes. Les cookies utilis\u00e9s par le portail en ligne concernent uniquement la session actuelle des utilisateurs et visent \u00e0 aider \u00e0 l&#8217;utilisation des syst\u00e8mes d&#8217;\u00e9quilibrage de charge et de haute disponibilit\u00e9. L&#8217;enregistrement des d\u00e9tails d&#8217;acc\u00e8s, tels que l&#8217;adresse IP, est effectu\u00e9 de mani\u00e8re anonyme et uniquement dans le but d&#8217;extraire des statistiques d&#8217;utilisation du portail en ligne, via le syst\u00e8me Google Analytics. L&#8217;utilisation du portail en ligne n\u00e9cessite l&#8217;acceptation par l&#8217;utilisateur des conditions d&#8217;utilisation du<\/li>\n<\/ol>\n","protected":false},"excerpt":{"rendered":"<p>Le portail en ligne https:\/\/www.apdattikis.gov.gr est la propri\u00e9t\u00e9 de l&#8217;Administration d\u00e9centralis\u00e9e de l&#8217;Attique. Son contenu est produit et appartient \u00e0 l&#8217;Administration d\u00e9centralis\u00e9e de l&#8217;Attique, sauf dans les cas o\u00f9 l&#8217;origine du contenu est explicitement indiqu\u00e9e. La navigation sur le portail en ligne et l&#8217;utilisation de son contenu n\u00e9cessitent l&#8217;acceptation inconditionnelle des conditions d&#8217;utilisation incluses dans [&hellip;]<\/p>\n","protected":false},"author":16,"featured_media":0,"parent":0,"menu_order":0,"comment_status":"closed","ping_status":"closed","template":"","meta":{"footnotes":""},"class_list":["post-6240","page","type-page","status-publish","hentry"],"yoast_head":"<!-- This site is optimized with the Yoast SEO plugin v27.1.1 - https:\/\/yoast.com\/product\/yoast-seo-wordpress\/ -->\n<title>Conditions d&#039;utilisation - \u0391\u03c0\u03bf\u03ba\u03b5\u03bd\u03c4\u03c1\u03c9\u03bc\u03ad\u03bd\u03b7 \u0394\u03b9\u03bf\u03af\u03ba\u03b7\u03c3\u03b7 \u0391\u03c4\u03c4\u03b9\u03ba\u03ae\u03c2<\/title>\n<meta name=\"robots\" content=\"index, follow, max-snippet:-1, max-image-preview:large, max-video-preview:-1\" \/>\n<link rel=\"canonical\" href=\"https:\/\/apdattikis.gov.gr\/fr\/conditions-dutilisation\/\" \/>\n<meta property=\"og:locale\" content=\"fr_FR\" \/>\n<meta property=\"og:type\" content=\"article\" \/>\n<meta property=\"og:title\" content=\"Conditions d&#039;utilisation - \u0391\u03c0\u03bf\u03ba\u03b5\u03bd\u03c4\u03c1\u03c9\u03bc\u03ad\u03bd\u03b7 \u0394\u03b9\u03bf\u03af\u03ba\u03b7\u03c3\u03b7 \u0391\u03c4\u03c4\u03b9\u03ba\u03ae\u03c2\" \/>\n<meta property=\"og:description\" content=\"Le portail en ligne https:\/\/www.apdattikis.gov.gr est la propri\u00e9t\u00e9 de l&#8217;Administration d\u00e9centralis\u00e9e de l&#8217;Attique. Son contenu est produit et appartient \u00e0 l&#8217;Administration d\u00e9centralis\u00e9e de l&#8217;Attique, sauf dans les cas o\u00f9 l&#8217;origine du contenu est explicitement indiqu\u00e9e. La navigation sur le portail en ligne et l&#8217;utilisation de son contenu n\u00e9cessitent l&#8217;acceptation inconditionnelle des conditions d&#8217;utilisation incluses dans [&hellip;]\" \/>\n<meta property=\"og:url\" content=\"https:\/\/apdattikis.gov.gr\/fr\/conditions-dutilisation\/\" \/>\n<meta property=\"og:site_name\" content=\"\u0391\u03c0\u03bf\u03ba\u03b5\u03bd\u03c4\u03c1\u03c9\u03bc\u03ad\u03bd\u03b7 \u0394\u03b9\u03bf\u03af\u03ba\u03b7\u03c3\u03b7 \u0391\u03c4\u03c4\u03b9\u03ba\u03ae\u03c2\" \/>\n<meta property=\"article:modified_time\" content=\"2023-11-29T14:52:02+00:00\" \/>\n<meta name=\"twitter:card\" content=\"summary_large_image\" \/>\n<meta name=\"twitter:label1\" content=\"Est. reading time\" \/>\n\t<meta name=\"twitter:data1\" content=\"4 minutes\" \/>\n<script type=\"application\/ld+json\" class=\"yoast-schema-graph\">{\"@context\":\"https:\/\/schema.org\",\"@graph\":[{\"@type\":\"WebPage\",\"@id\":\"https:\/\/apdattikis.gov.gr\/fr\/conditions-dutilisation\/\",\"url\":\"https:\/\/apdattikis.gov.gr\/fr\/conditions-dutilisation\/\",\"name\":\"Conditions d'utilisation - \u0391\u03c0\u03bf\u03ba\u03b5\u03bd\u03c4\u03c1\u03c9\u03bc\u03ad\u03bd\u03b7 \u0394\u03b9\u03bf\u03af\u03ba\u03b7\u03c3\u03b7 \u0391\u03c4\u03c4\u03b9\u03ba\u03ae\u03c2\",\"isPartOf\":{\"@id\":\"https:\/\/apdattikis.gov.gr\/#website\"},\"datePublished\":\"2023-11-29T14:48:14+00:00\",\"dateModified\":\"2023-11-29T14:52:02+00:00\",\"inLanguage\":\"fr-FR\",\"potentialAction\":[{\"@type\":\"ReadAction\",\"target\":[\"https:\/\/apdattikis.gov.gr\/fr\/conditions-dutilisation\/\"]}]},{\"@type\":\"WebSite\",\"@id\":\"https:\/\/apdattikis.gov.gr\/#website\",\"url\":\"https:\/\/apdattikis.gov.gr\/\",\"name\":\"\u0391\u03c0\u03bf\u03ba\u03b5\u03bd\u03c4\u03c1\u03c9\u03bc\u03ad\u03bd\u03b7 \u0394\u03b9\u03bf\u03af\u03ba\u03b7\u03c3\u03b7 \u0391\u03c4\u03c4\u03b9\u03ba\u03ae\u03c2\",\"description\":\"\",\"publisher\":{\"@id\":\"https:\/\/apdattikis.gov.gr\/#organization\"},\"potentialAction\":[{\"@type\":\"SearchAction\",\"target\":{\"@type\":\"EntryPoint\",\"urlTemplate\":\"https:\/\/apdattikis.gov.gr\/?s={search_term_string}\"},\"query-input\":{\"@type\":\"PropertyValueSpecification\",\"valueRequired\":true,\"valueName\":\"search_term_string\"}}],\"inLanguage\":\"fr-FR\"},{\"@type\":\"Organization\",\"@id\":\"https:\/\/apdattikis.gov.gr\/#organization\",\"name\":\"\u0391\u03c0\u03bf\u03ba\u03b5\u03bd\u03c4\u03c1\u03c9\u03bc\u03ad\u03bd\u03b7 \u0394\u03b9\u03bf\u03af\u03ba\u03b7\u03c3\u03b7 \u0391\u03c4\u03c4\u03b9\u03ba\u03ae\u03c2\",\"url\":\"https:\/\/apdattikis.gov.gr\/\",\"logo\":{\"@type\":\"ImageObject\",\"inLanguage\":\"fr-FR\",\"@id\":\"https:\/\/apdattikis.gov.gr\/#\/schema\/logo\/image\/\",\"url\":\"https:\/\/apdattikis.gov.gr\/wp-content\/uploads\/2023\/10\/1600-975-max.jpg\",\"contentUrl\":\"https:\/\/apdattikis.gov.gr\/wp-content\/uploads\/2023\/10\/1600-975-max.jpg\",\"width\":1600,\"height\":975,\"caption\":\"\u0391\u03c0\u03bf\u03ba\u03b5\u03bd\u03c4\u03c1\u03c9\u03bc\u03ad\u03bd\u03b7 \u0394\u03b9\u03bf\u03af\u03ba\u03b7\u03c3\u03b7 \u0391\u03c4\u03c4\u03b9\u03ba\u03ae\u03c2\"},\"image\":{\"@id\":\"https:\/\/apdattikis.gov.gr\/#\/schema\/logo\/image\/\"}}]}<\/script>\n<!-- \/ Yoast SEO plugin. -->","yoast_head_json":{"title":"Conditions d'utilisation - \u0391\u03c0\u03bf\u03ba\u03b5\u03bd\u03c4\u03c1\u03c9\u03bc\u03ad\u03bd\u03b7 \u0394\u03b9\u03bf\u03af\u03ba\u03b7\u03c3\u03b7 \u0391\u03c4\u03c4\u03b9\u03ba\u03ae\u03c2","robots":{"index":"index","follow":"follow","max-snippet":"max-snippet:-1","max-image-preview":"max-image-preview:large","max-video-preview":"max-video-preview:-1"},"canonical":"https:\/\/apdattikis.gov.gr\/fr\/conditions-dutilisation\/","og_locale":"fr_FR","og_type":"article","og_title":"Conditions d'utilisation - \u0391\u03c0\u03bf\u03ba\u03b5\u03bd\u03c4\u03c1\u03c9\u03bc\u03ad\u03bd\u03b7 \u0394\u03b9\u03bf\u03af\u03ba\u03b7\u03c3\u03b7 \u0391\u03c4\u03c4\u03b9\u03ba\u03ae\u03c2","og_description":"Le portail en ligne https:\/\/www.apdattikis.gov.gr est la propri\u00e9t\u00e9 de l&#8217;Administration d\u00e9centralis\u00e9e de l&#8217;Attique. Son contenu est produit et appartient \u00e0 l&#8217;Administration d\u00e9centralis\u00e9e de l&#8217;Attique, sauf dans les cas o\u00f9 l&#8217;origine du contenu est explicitement indiqu\u00e9e. La navigation sur le portail en ligne et l&#8217;utilisation de son contenu n\u00e9cessitent l&#8217;acceptation inconditionnelle des conditions d&#8217;utilisation incluses dans [&hellip;]","og_url":"https:\/\/apdattikis.gov.gr\/fr\/conditions-dutilisation\/","og_site_name":"\u0391\u03c0\u03bf\u03ba\u03b5\u03bd\u03c4\u03c1\u03c9\u03bc\u03ad\u03bd\u03b7 \u0394\u03b9\u03bf\u03af\u03ba\u03b7\u03c3\u03b7 \u0391\u03c4\u03c4\u03b9\u03ba\u03ae\u03c2","article_modified_time":"2023-11-29T14:52:02+00:00","twitter_card":"summary_large_image","twitter_misc":{"Est. reading time":"4 minutes"},"schema":{"@context":"https:\/\/schema.org","@graph":[{"@type":"WebPage","@id":"https:\/\/apdattikis.gov.gr\/fr\/conditions-dutilisation\/","url":"https:\/\/apdattikis.gov.gr\/fr\/conditions-dutilisation\/","name":"Conditions d'utilisation - \u0391\u03c0\u03bf\u03ba\u03b5\u03bd\u03c4\u03c1\u03c9\u03bc\u03ad\u03bd\u03b7 \u0394\u03b9\u03bf\u03af\u03ba\u03b7\u03c3\u03b7 \u0391\u03c4\u03c4\u03b9\u03ba\u03ae\u03c2","isPartOf":{"@id":"https:\/\/apdattikis.gov.gr\/#website"},"datePublished":"2023-11-29T14:48:14+00:00","dateModified":"2023-11-29T14:52:02+00:00","inLanguage":"fr-FR","potentialAction":[{"@type":"ReadAction","target":["https:\/\/apdattikis.gov.gr\/fr\/conditions-dutilisation\/"]}]},{"@type":"WebSite","@id":"https:\/\/apdattikis.gov.gr\/#website","url":"https:\/\/apdattikis.gov.gr\/","name":"\u0391\u03c0\u03bf\u03ba\u03b5\u03bd\u03c4\u03c1\u03c9\u03bc\u03ad\u03bd\u03b7 \u0394\u03b9\u03bf\u03af\u03ba\u03b7\u03c3\u03b7 \u0391\u03c4\u03c4\u03b9\u03ba\u03ae\u03c2","description":"","publisher":{"@id":"https:\/\/apdattikis.gov.gr\/#organization"},"potentialAction":[{"@type":"SearchAction","target":{"@type":"EntryPoint","urlTemplate":"https:\/\/apdattikis.gov.gr\/?s={search_term_string}"},"query-input":{"@type":"PropertyValueSpecification","valueRequired":true,"valueName":"search_term_string"}}],"inLanguage":"fr-FR"},{"@type":"Organization","@id":"https:\/\/apdattikis.gov.gr\/#organization","name":"\u0391\u03c0\u03bf\u03ba\u03b5\u03bd\u03c4\u03c1\u03c9\u03bc\u03ad\u03bd\u03b7 \u0394\u03b9\u03bf\u03af\u03ba\u03b7\u03c3\u03b7 \u0391\u03c4\u03c4\u03b9\u03ba\u03ae\u03c2","url":"https:\/\/apdattikis.gov.gr\/","logo":{"@type":"ImageObject","inLanguage":"fr-FR","@id":"https:\/\/apdattikis.gov.gr\/#\/schema\/logo\/image\/","url":"https:\/\/apdattikis.gov.gr\/wp-content\/uploads\/2023\/10\/1600-975-max.jpg","contentUrl":"https:\/\/apdattikis.gov.gr\/wp-content\/uploads\/2023\/10\/1600-975-max.jpg","width":1600,"height":975,"caption":"\u0391\u03c0\u03bf\u03ba\u03b5\u03bd\u03c4\u03c1\u03c9\u03bc\u03ad\u03bd\u03b7 \u0394\u03b9\u03bf\u03af\u03ba\u03b7\u03c3\u03b7 \u0391\u03c4\u03c4\u03b9\u03ba\u03ae\u03c2"},"image":{"@id":"https:\/\/apdattikis.gov.gr\/#\/schema\/logo\/image\/"}}]}},"_links":{"self":[{"href":"https:\/\/apdattikis.gov.gr\/fr\/wp-json\/wp\/v2\/pages\/6240","targetHints":{"allow":["GET"]}}],"collection":[{"href":"https:\/\/apdattikis.gov.gr\/fr\/wp-json\/wp\/v2\/pages"}],"about":[{"href":"https:\/\/apdattikis.gov.gr\/fr\/wp-json\/wp\/v2\/types\/page"}],"author":[{"embeddable":true,"href":"https:\/\/apdattikis.gov.gr\/fr\/wp-json\/wp\/v2\/users\/16"}],"replies":[{"embeddable":true,"href":"https:\/\/apdattikis.gov.gr\/fr\/wp-json\/wp\/v2\/comments?post=6240"}],"version-history":[{"count":2,"href":"https:\/\/apdattikis.gov.gr\/fr\/wp-json\/wp\/v2\/pages\/6240\/revisions"}],"predecessor-version":[{"id":6245,"href":"https:\/\/apdattikis.gov.gr\/fr\/wp-json\/wp\/v2\/pages\/6240\/revisions\/6245"}],"wp:attachment":[{"href":"https:\/\/apdattikis.gov.gr\/fr\/wp-json\/wp\/v2\/media?parent=6240"}],"curies":[{"name":"wp","href":"https:\/\/api.w.org\/{rel}","templated":true}]}}