{"id":6231,"date":"2023-11-29T13:49:22","date_gmt":"2023-11-29T10:49:22","guid":{"rendered":"https:\/\/apdattikis.gov.gr\/?page_id=6231"},"modified":"2023-11-29T17:46:29","modified_gmt":"2023-11-29T14:46:29","slug":"politique-de-confidentialite","status":"publish","type":"page","link":"https:\/\/apdattikis.gov.gr\/fr\/politique-de-confidentialite\/","title":{"rendered":"Politique de confidentialit\u00e9"},"content":{"rendered":"<p><strong>Objet de la Note Informatif sur la Protection des Donn\u00e9es Personnelles<\/strong><\/p>\n<p>La D\u00e9l\u00e9gation G\u00e9n\u00e9rale de l&#8217;Attique (ci-apr\u00e8s &#8220;DGA&#8221;), dont le si\u00e8ge est \u00e0 Ath\u00e8nes, 56 rue Katechaki, Ath\u00e8nes 115 25, t\u00e9l. 21 3203 5730, en tant que responsable du traitement, collecte et traite vos donn\u00e9es personnelles uniquement si cela est strictement n\u00e9cessaire, \u00e0 des fins claires et l\u00e9gales, conform\u00e9ment au R\u00e8glement (UE) 2016\/679, \u00e0 la loi 4624\/2019 et \u00e0 la loi 3471\/2006 tels qu&#8217;ils sont en vigueur.<\/p>\n<p><strong>D\u00e9finitions<\/strong><\/p>\n<p>Pour les besoins de la pr\u00e9sente Politique, les termes suivants ont la signification suivante :<\/p>\n<ul>\n<li><strong>Donn\u00e9es Personnelles<\/strong> : toute information concernant une personne physique identifi\u00e9e ou identifiable (&#8220;sujet de donn\u00e9es&#8221;) ; la personne identifiable est une personne dont l&#8217;identit\u00e9 peut \u00eatre v\u00e9rifi\u00e9e, directement ou indirectement, en particulier par r\u00e9f\u00e9rence \u00e0 un identifiant, tel qu&#8217;un nom, un num\u00e9ro d&#8217;identification, des donn\u00e9es de localisation, un identifiant en ligne, ou un ou plusieurs facteurs sp\u00e9cifiques propres \u00e0 son identit\u00e9 physique, physiologique, g\u00e9n\u00e9tique, mentale, \u00e9conomique, culturelle ou sociale.<\/li>\n<li><strong>Cat\u00e9gories sp\u00e9ciales de donn\u00e9es personnelles<\/strong> : donn\u00e9es \u00e0 caract\u00e8re personnel r\u00e9v\u00e9lant l&#8217;origine raciale ou ethnique, les opinions politiques, les convictions religieuses ou philosophiques, ou l&#8217;appartenance syndicale, ainsi que le traitement des donn\u00e9es g\u00e9n\u00e9tiques, des donn\u00e9es biom\u00e9triques aux fins de l&#8217;identification unique d&#8217;une personne, des donn\u00e9es concernant la sant\u00e9 ou des donn\u00e9es concernant la vie sexuelle d&#8217;une personne ou son orientation sexuelle.<\/li>\n<li><strong>Traitement<\/strong> : toute op\u00e9ration ou ensemble d&#8217;op\u00e9rations effectu\u00e9es sur des donn\u00e9es personnelles ou sur des ensembles de donn\u00e9es personnelles, qu&#8217;elles soient automatis\u00e9es ou non, telles que la collecte, l&#8217;enregistrement, l&#8217;organisation, la structuration, la conservation, l&#8217;adaptation ou la modification, l&#8217;extraction, la consultation, l&#8217;utilisation, la communication par transmission, la diffusion ou toute autre forme de mise \u00e0 disposition, le rapprochement ou l&#8217;interconnexion, la limitation, l&#8217;effacement ou la destruction.<\/li>\n<li><strong>Responsable du traitement<\/strong> : la personne physique ou morale, l&#8217;autorit\u00e9 publique, le service ou un autre organisme qui, seul ou conjointement avec d&#8217;autres, d\u00e9termine les finalit\u00e9s et les moyens du traitement des donn\u00e9es personnelles ; lorsque les finalit\u00e9s et les moyens de ce traitement sont d\u00e9termin\u00e9s par le droit de l&#8217;Union ou le droit d&#8217;un \u00c9tat membre, le responsable du traitement peut \u00eatre d\u00e9sign\u00e9 conform\u00e9ment au droit de l&#8217;Union ou au droit d&#8217;un \u00c9tat membre. Aux fins de la pr\u00e9sente politique, [le CLIENT] agit en tant que Responsable du Traitement.<\/li>\n<li><strong>Effectuant le traitement<\/strong> : la personne physique ou morale, l&#8217;autorit\u00e9 publique, le service ou un autre organisme qui traite des donn\u00e9es personnelles pour le compte du responsable du traitement.<\/li>\n<li><strong>Sujet de donn\u00e9es<\/strong> : la personne physique dont les donn\u00e9es personnelles sont trait\u00e9es, par exemple les apprenants, les collaborateurs, les employ\u00e9s de la municipalit\u00e9, etc.<\/li>\n<li><strong>L\u00e9gislation en vigueur<\/strong> : La l\u00e9gislation nationale et de l&#8217;Union europ\u00e9enne en mati\u00e8re de protection des donn\u00e9es personnelles, notamment le R\u00e8glement G\u00e9n\u00e9ral sur la Protection des Donn\u00e9es (RGPD) de l&#8217;UE 2016\/679, la loi 4624\/2019, la loi 3671\/2006, la jurisprudence de la Cour de justice de l&#8217;Union europ\u00e9enne (CJUE), ainsi que les D\u00e9cisions, Directives et Avis du Conseil europ\u00e9en de protection des donn\u00e9es (CEPD) et de l&#8217;Autorit\u00e9 de Protection des Donn\u00e9es Personnelles (APDP).<\/li>\n<\/ul>\n<p><strong>Donn\u00e9es personnelles collect\u00e9es et trait\u00e9es par la DGA lors de la communication \u00e9lectronique des citoyens<\/strong><\/p>\n<table>\n<thead>\n<tr>\n<th>Cat\u00e9gories de Donn\u00e9es Personnelles<\/th>\n<th>Finalit\u00e9<\/th>\n<th>Base Juridique<\/th>\n<th>Dur\u00e9e de Conservation<\/th>\n<th>Destinataires<\/th>\n<\/tr>\n<\/thead>\n<tbody>\n<tr>\n<td>Donn\u00e9es de contact<\/td>\n<td>Communication avec la DGA<\/td>\n<td>Article 6, paragraphe 1, point f du RGPD &#8211; La communication de la DGA avec les citoyens<\/td>\n<td>Jusqu&#8217;\u00e0 la prescription<\/td>\n<td>Effectuants le traitement<\/td>\n<\/tr>\n<tr>\n<td>Tout ce qui est inclus dans la communication<\/td>\n<td><\/td>\n<td><\/td>\n<td><\/td>\n<td><\/td>\n<\/tr>\n<\/tbody>\n<\/table>\n<p><strong>Donn\u00e9es personnelles collect\u00e9es et trait\u00e9es par la DGA lors de l&#8217;identification du citoyen<\/strong><\/p>\n<table>\n<thead>\n<tr>\n<th>Cat\u00e9gories de Donn\u00e9es Personnelles<\/th>\n<th>Finalit\u00e9<\/th>\n<th>Base Juridique<\/th>\n<th>Dur\u00e9e de Conservation<\/th>\n<th>Destinataires<\/th>\n<\/tr>\n<\/thead>\n<tbody>\n<tr>\n<td>Donn\u00e9es d&#8217;identification<\/td>\n<td>V\u00e9rification de l&#8217;identit\u00e9 du citoyen<\/td>\n<td>Article 6, paragraphe 1, point g du RGPD en combinaison avec la loi 4727\/2020, telle qu&#8217;elle est en vigueur<\/td>\n<td>Un an<\/td>\n<td>Minist\u00e8re de la Gouvernance Num\u00e9rique<\/td>\n<\/tr>\n<\/tbody>\n<\/table>\n<p>Aucun traitement automatis\u00e9 de la prise de d\u00e9cision, y compris l&#8217;\u00e9tablissement de profils, n&#8217;est effectu\u00e9.<\/p>\n<p><a name=\"_Toc524943559\"><\/a><strong>S\u00e9curit\u00e9 des donn\u00e9es<\/strong><\/p>\n<p><a name=\"_Toc524943556\"><\/a><a name=\"_Toc524943560\"><\/a>Plus pr\u00e9cis\u00e9ment, pour un rapport, une r\u00e9clamation, ou toute autre demande soumise par courriel par un citoyen \u00e0 l&#8217;Administration d\u00e9centralis\u00e9e de l&#8217;Attique, les \u00e9l\u00e9ments suivants sont requis :<\/p>\n<ul>\n<li>Soit le rapport, la r\u00e9clamation, ou toute autre demande doit \u00eatre jointe au courriel sous la forme d&#8217;un document portant la signature authentique du demandeur, obtenue par le biais du Centre de Services aux Citoyens (\u039a\u0395\u03a0) et scann\u00e9e ou photographi\u00e9e, ou via la Plateforme Num\u00e9rique Unifi\u00e9e de l&#8217;Administration Publique (gov.gr, Loi 4704\/2020),<\/li>\n<li>Ou le rapport, la r\u00e9clamation, ou toute autre demande doit \u00eatre jointe au courriel sous la forme d&#8217;un document sign\u00e9 avec une signature \u00e9lectronique approuv\u00e9e si le demandeur en est titulaire,<\/li>\n<li>Ou dans le rapport, la r\u00e9clamation, ou toute autre demande jointe au courriel, la signature physique doit \u00eatre clairement visible, scann\u00e9e ou photographi\u00e9e, et la carte d&#8217;identit\u00e9 ou le permis de conduire doit \u00e9galement \u00eatre joint. Ces \u00e9l\u00e9ments peuvent \u00eatre authentifi\u00e9s en scannant le code QR \u00e0 l&#8217;aide du service de v\u00e9rification sp\u00e9cifi\u00e9 \u00e0 l&#8217;article 27(4) de la Loi 4727\/2020 (voir \u00e9galement la Loi 4954\/2022, en particulier l&#8217;article 80, et la D\u00e9cision Minist\u00e9rielle 4082\/26.07.2022), ou simplement scann\u00e9s ou photographi\u00e9s,<\/li>\n<li>Ou le demandeur peut soumettre le rapport, la r\u00e9clamation, ou toute autre demande au protocole de l&#8217;Administration d\u00e9centralis\u00e9e de l&#8217;Attique, portant la signature manuscrite du demandeur et ayant un contenu similaire \u00e0 ce qui a \u00e9t\u00e9 re\u00e7u par courriel (Article 10(2) de la Loi 2690\/1999).<\/li>\n<\/ul>\n<p><strong>Droits des personnes concern\u00e9es<\/strong><\/p>\n<p>L&#8217;Administration d\u00e9centralis\u00e9e de l&#8217;Attique garantit la capacit\u00e9 de r\u00e9pondre rapidement aux demandes des personnes concern\u00e9es d&#8217;exercer leurs droits conform\u00e9ment \u00e0 la l\u00e9gislation en vigueur.<\/p>\n<p>Plus pr\u00e9cis\u00e9ment, chaque personne concern\u00e9e a les droits suivants :<\/p>\n<table border=\"1\" width=\"879\" cellspacing=\"0\" cellpadding=\"0\">\n<tbody>\n<tr class=\"\">\n<td width=\"50%\">Acc\u00e8s<\/td>\n<td width=\"50%\">Rectification<\/td>\n<\/tr>\n<\/tbody>\n<\/table>\n<p>Sous des conditions sp\u00e9cifiques :<\/p>\n<table border=\"1\" width=\"879\" cellspacing=\"0\" cellpadding=\"0\">\n<tbody>\n<tr class=\"\">\n<td width=\"50%\">Suppression<\/td>\n<td width=\"50%\">Restriction<\/td>\n<\/tr>\n<\/tbody>\n<\/table>\n<p>De plus, la personne concern\u00e9e a le droit de s&#8217;opposer au traitement de ses donn\u00e9es personnelles par l&#8217;Administration d\u00e9centralis\u00e9e de l&#8217;Attique.<\/p>\n<p>En cas d&#8217;exercice de l&#8217;un des droits susmentionn\u00e9s, l&#8217;Administration d\u00e9centralis\u00e9e de l&#8217;Attique r\u00e9pondra rapidement [en tout cas dans un d\u00e9lai de trente (30) jours \u00e0 compter de la soumission de la demande], vous informant par \u00e9crit de l&#8217;avancement de la satisfaction.<\/p>\n<p>Pour toute r\u00e9clamation concernant cette note d&#8217;information ou des probl\u00e8mes li\u00e9s \u00e0 la protection des donn\u00e9es personnelles, si votre demande n&#8217;est pas satisfaite, vous pouvez contacter l&#8217;Autorit\u00e9 Hell\u00e9nique de Protection des Donn\u00e9es via le lien suivant : <a href=\"http:\/\/www.dpa.gr\/\">www.dpa.gr<\/a>.<\/p>\n<p><strong>Coordonn\u00e9es du D\u00e9l\u00e9gu\u00e9 \u00e0 la Protection des Donn\u00e9es (DPD)<\/strong><\/p>\n<p>Pour exercer tous les droits susmentionn\u00e9s et pour toute question li\u00e9e au traitement de vos donn\u00e9es personnelles, vous pouvez contacter le D\u00e9l\u00e9gu\u00e9 \u00e0 la Protection des Donn\u00e9es de l&#8217;Administration d\u00e9centralis\u00e9e de l&#8217;Attique \u00e0 l&#8217;adresse \u00e9lectronique : <a href=\"mailto:dpo@attica.gr\">dpo@attica.gr<\/a><u>.<br \/>\n<\/u><\/p>\n","protected":false},"excerpt":{"rendered":"<p>Objet de la Note Informatif sur la Protection des Donn\u00e9es Personnelles La D\u00e9l\u00e9gation G\u00e9n\u00e9rale de l&#8217;Attique (ci-apr\u00e8s &#8220;DGA&#8221;), dont le si\u00e8ge est \u00e0 Ath\u00e8nes, 56 rue Katechaki, Ath\u00e8nes 115 25, t\u00e9l. 21 3203 5730, en tant que responsable du traitement, collecte et traite vos donn\u00e9es personnelles uniquement si cela est strictement n\u00e9cessaire, \u00e0 des fins [&hellip;]<\/p>\n","protected":false},"author":16,"featured_media":0,"parent":0,"menu_order":0,"comment_status":"closed","ping_status":"closed","template":"","meta":{"footnotes":""},"class_list":["post-6231","page","type-page","status-publish","hentry"],"yoast_head":"<!-- This site is optimized with the Yoast SEO plugin v27.1.1 - https:\/\/yoast.com\/product\/yoast-seo-wordpress\/ -->\n<title>Politique de confidentialit\u00e9 - \u0391\u03c0\u03bf\u03ba\u03b5\u03bd\u03c4\u03c1\u03c9\u03bc\u03ad\u03bd\u03b7 \u0394\u03b9\u03bf\u03af\u03ba\u03b7\u03c3\u03b7 \u0391\u03c4\u03c4\u03b9\u03ba\u03ae\u03c2<\/title>\n<meta name=\"robots\" content=\"index, follow, max-snippet:-1, max-image-preview:large, max-video-preview:-1\" \/>\n<link rel=\"canonical\" href=\"https:\/\/apdattikis.gov.gr\/fr\/politique-de-confidentialite\/\" \/>\n<meta property=\"og:locale\" content=\"fr_FR\" \/>\n<meta property=\"og:type\" content=\"article\" \/>\n<meta property=\"og:title\" content=\"Politique de confidentialit\u00e9 - \u0391\u03c0\u03bf\u03ba\u03b5\u03bd\u03c4\u03c1\u03c9\u03bc\u03ad\u03bd\u03b7 \u0394\u03b9\u03bf\u03af\u03ba\u03b7\u03c3\u03b7 \u0391\u03c4\u03c4\u03b9\u03ba\u03ae\u03c2\" \/>\n<meta property=\"og:description\" content=\"Objet de la Note Informatif sur la Protection des Donn\u00e9es Personnelles La D\u00e9l\u00e9gation G\u00e9n\u00e9rale de l&#8217;Attique (ci-apr\u00e8s &#8220;DGA&#8221;), dont le si\u00e8ge est \u00e0 Ath\u00e8nes, 56 rue Katechaki, Ath\u00e8nes 115 25, t\u00e9l. 21 3203 5730, en tant que responsable du traitement, collecte et traite vos donn\u00e9es personnelles uniquement si cela est strictement n\u00e9cessaire, \u00e0 des fins [&hellip;]\" \/>\n<meta property=\"og:url\" content=\"https:\/\/apdattikis.gov.gr\/fr\/politique-de-confidentialite\/\" \/>\n<meta property=\"og:site_name\" content=\"\u0391\u03c0\u03bf\u03ba\u03b5\u03bd\u03c4\u03c1\u03c9\u03bc\u03ad\u03bd\u03b7 \u0394\u03b9\u03bf\u03af\u03ba\u03b7\u03c3\u03b7 \u0391\u03c4\u03c4\u03b9\u03ba\u03ae\u03c2\" \/>\n<meta property=\"article:modified_time\" content=\"2023-11-29T14:46:29+00:00\" \/>\n<meta name=\"twitter:card\" content=\"summary_large_image\" \/>\n<meta name=\"twitter:label1\" content=\"Est. reading time\" \/>\n\t<meta name=\"twitter:data1\" content=\"6 minutes\" \/>\n<script type=\"application\/ld+json\" class=\"yoast-schema-graph\">{\"@context\":\"https:\/\/schema.org\",\"@graph\":[{\"@type\":\"WebPage\",\"@id\":\"https:\/\/apdattikis.gov.gr\/fr\/politique-de-confidentialite\/\",\"url\":\"https:\/\/apdattikis.gov.gr\/fr\/politique-de-confidentialite\/\",\"name\":\"Politique de confidentialit\u00e9 - \u0391\u03c0\u03bf\u03ba\u03b5\u03bd\u03c4\u03c1\u03c9\u03bc\u03ad\u03bd\u03b7 \u0394\u03b9\u03bf\u03af\u03ba\u03b7\u03c3\u03b7 \u0391\u03c4\u03c4\u03b9\u03ba\u03ae\u03c2\",\"isPartOf\":{\"@id\":\"https:\/\/apdattikis.gov.gr\/#website\"},\"datePublished\":\"2023-11-29T10:49:22+00:00\",\"dateModified\":\"2023-11-29T14:46:29+00:00\",\"inLanguage\":\"fr-FR\",\"potentialAction\":[{\"@type\":\"ReadAction\",\"target\":[\"https:\/\/apdattikis.gov.gr\/fr\/politique-de-confidentialite\/\"]}]},{\"@type\":\"WebSite\",\"@id\":\"https:\/\/apdattikis.gov.gr\/#website\",\"url\":\"https:\/\/apdattikis.gov.gr\/\",\"name\":\"\u0391\u03c0\u03bf\u03ba\u03b5\u03bd\u03c4\u03c1\u03c9\u03bc\u03ad\u03bd\u03b7 \u0394\u03b9\u03bf\u03af\u03ba\u03b7\u03c3\u03b7 \u0391\u03c4\u03c4\u03b9\u03ba\u03ae\u03c2\",\"description\":\"\",\"publisher\":{\"@id\":\"https:\/\/apdattikis.gov.gr\/#organization\"},\"potentialAction\":[{\"@type\":\"SearchAction\",\"target\":{\"@type\":\"EntryPoint\",\"urlTemplate\":\"https:\/\/apdattikis.gov.gr\/?s={search_term_string}\"},\"query-input\":{\"@type\":\"PropertyValueSpecification\",\"valueRequired\":true,\"valueName\":\"search_term_string\"}}],\"inLanguage\":\"fr-FR\"},{\"@type\":\"Organization\",\"@id\":\"https:\/\/apdattikis.gov.gr\/#organization\",\"name\":\"\u0391\u03c0\u03bf\u03ba\u03b5\u03bd\u03c4\u03c1\u03c9\u03bc\u03ad\u03bd\u03b7 \u0394\u03b9\u03bf\u03af\u03ba\u03b7\u03c3\u03b7 \u0391\u03c4\u03c4\u03b9\u03ba\u03ae\u03c2\",\"url\":\"https:\/\/apdattikis.gov.gr\/\",\"logo\":{\"@type\":\"ImageObject\",\"inLanguage\":\"fr-FR\",\"@id\":\"https:\/\/apdattikis.gov.gr\/#\/schema\/logo\/image\/\",\"url\":\"https:\/\/apdattikis.gov.gr\/wp-content\/uploads\/2023\/10\/1600-975-max.jpg\",\"contentUrl\":\"https:\/\/apdattikis.gov.gr\/wp-content\/uploads\/2023\/10\/1600-975-max.jpg\",\"width\":1600,\"height\":975,\"caption\":\"\u0391\u03c0\u03bf\u03ba\u03b5\u03bd\u03c4\u03c1\u03c9\u03bc\u03ad\u03bd\u03b7 \u0394\u03b9\u03bf\u03af\u03ba\u03b7\u03c3\u03b7 \u0391\u03c4\u03c4\u03b9\u03ba\u03ae\u03c2\"},\"image\":{\"@id\":\"https:\/\/apdattikis.gov.gr\/#\/schema\/logo\/image\/\"}}]}<\/script>\n<!-- \/ Yoast SEO plugin. -->","yoast_head_json":{"title":"Politique de confidentialit\u00e9 - \u0391\u03c0\u03bf\u03ba\u03b5\u03bd\u03c4\u03c1\u03c9\u03bc\u03ad\u03bd\u03b7 \u0394\u03b9\u03bf\u03af\u03ba\u03b7\u03c3\u03b7 \u0391\u03c4\u03c4\u03b9\u03ba\u03ae\u03c2","robots":{"index":"index","follow":"follow","max-snippet":"max-snippet:-1","max-image-preview":"max-image-preview:large","max-video-preview":"max-video-preview:-1"},"canonical":"https:\/\/apdattikis.gov.gr\/fr\/politique-de-confidentialite\/","og_locale":"fr_FR","og_type":"article","og_title":"Politique de confidentialit\u00e9 - \u0391\u03c0\u03bf\u03ba\u03b5\u03bd\u03c4\u03c1\u03c9\u03bc\u03ad\u03bd\u03b7 \u0394\u03b9\u03bf\u03af\u03ba\u03b7\u03c3\u03b7 \u0391\u03c4\u03c4\u03b9\u03ba\u03ae\u03c2","og_description":"Objet de la Note Informatif sur la Protection des Donn\u00e9es Personnelles La D\u00e9l\u00e9gation G\u00e9n\u00e9rale de l&#8217;Attique (ci-apr\u00e8s &#8220;DGA&#8221;), dont le si\u00e8ge est \u00e0 Ath\u00e8nes, 56 rue Katechaki, Ath\u00e8nes 115 25, t\u00e9l. 21 3203 5730, en tant que responsable du traitement, collecte et traite vos donn\u00e9es personnelles uniquement si cela est strictement n\u00e9cessaire, \u00e0 des fins [&hellip;]","og_url":"https:\/\/apdattikis.gov.gr\/fr\/politique-de-confidentialite\/","og_site_name":"\u0391\u03c0\u03bf\u03ba\u03b5\u03bd\u03c4\u03c1\u03c9\u03bc\u03ad\u03bd\u03b7 \u0394\u03b9\u03bf\u03af\u03ba\u03b7\u03c3\u03b7 \u0391\u03c4\u03c4\u03b9\u03ba\u03ae\u03c2","article_modified_time":"2023-11-29T14:46:29+00:00","twitter_card":"summary_large_image","twitter_misc":{"Est. reading time":"6 minutes"},"schema":{"@context":"https:\/\/schema.org","@graph":[{"@type":"WebPage","@id":"https:\/\/apdattikis.gov.gr\/fr\/politique-de-confidentialite\/","url":"https:\/\/apdattikis.gov.gr\/fr\/politique-de-confidentialite\/","name":"Politique de confidentialit\u00e9 - \u0391\u03c0\u03bf\u03ba\u03b5\u03bd\u03c4\u03c1\u03c9\u03bc\u03ad\u03bd\u03b7 \u0394\u03b9\u03bf\u03af\u03ba\u03b7\u03c3\u03b7 \u0391\u03c4\u03c4\u03b9\u03ba\u03ae\u03c2","isPartOf":{"@id":"https:\/\/apdattikis.gov.gr\/#website"},"datePublished":"2023-11-29T10:49:22+00:00","dateModified":"2023-11-29T14:46:29+00:00","inLanguage":"fr-FR","potentialAction":[{"@type":"ReadAction","target":["https:\/\/apdattikis.gov.gr\/fr\/politique-de-confidentialite\/"]}]},{"@type":"WebSite","@id":"https:\/\/apdattikis.gov.gr\/#website","url":"https:\/\/apdattikis.gov.gr\/","name":"\u0391\u03c0\u03bf\u03ba\u03b5\u03bd\u03c4\u03c1\u03c9\u03bc\u03ad\u03bd\u03b7 \u0394\u03b9\u03bf\u03af\u03ba\u03b7\u03c3\u03b7 \u0391\u03c4\u03c4\u03b9\u03ba\u03ae\u03c2","description":"","publisher":{"@id":"https:\/\/apdattikis.gov.gr\/#organization"},"potentialAction":[{"@type":"SearchAction","target":{"@type":"EntryPoint","urlTemplate":"https:\/\/apdattikis.gov.gr\/?s={search_term_string}"},"query-input":{"@type":"PropertyValueSpecification","valueRequired":true,"valueName":"search_term_string"}}],"inLanguage":"fr-FR"},{"@type":"Organization","@id":"https:\/\/apdattikis.gov.gr\/#organization","name":"\u0391\u03c0\u03bf\u03ba\u03b5\u03bd\u03c4\u03c1\u03c9\u03bc\u03ad\u03bd\u03b7 \u0394\u03b9\u03bf\u03af\u03ba\u03b7\u03c3\u03b7 \u0391\u03c4\u03c4\u03b9\u03ba\u03ae\u03c2","url":"https:\/\/apdattikis.gov.gr\/","logo":{"@type":"ImageObject","inLanguage":"fr-FR","@id":"https:\/\/apdattikis.gov.gr\/#\/schema\/logo\/image\/","url":"https:\/\/apdattikis.gov.gr\/wp-content\/uploads\/2023\/10\/1600-975-max.jpg","contentUrl":"https:\/\/apdattikis.gov.gr\/wp-content\/uploads\/2023\/10\/1600-975-max.jpg","width":1600,"height":975,"caption":"\u0391\u03c0\u03bf\u03ba\u03b5\u03bd\u03c4\u03c1\u03c9\u03bc\u03ad\u03bd\u03b7 \u0394\u03b9\u03bf\u03af\u03ba\u03b7\u03c3\u03b7 \u0391\u03c4\u03c4\u03b9\u03ba\u03ae\u03c2"},"image":{"@id":"https:\/\/apdattikis.gov.gr\/#\/schema\/logo\/image\/"}}]}},"_links":{"self":[{"href":"https:\/\/apdattikis.gov.gr\/fr\/wp-json\/wp\/v2\/pages\/6231","targetHints":{"allow":["GET"]}}],"collection":[{"href":"https:\/\/apdattikis.gov.gr\/fr\/wp-json\/wp\/v2\/pages"}],"about":[{"href":"https:\/\/apdattikis.gov.gr\/fr\/wp-json\/wp\/v2\/types\/page"}],"author":[{"embeddable":true,"href":"https:\/\/apdattikis.gov.gr\/fr\/wp-json\/wp\/v2\/users\/16"}],"replies":[{"embeddable":true,"href":"https:\/\/apdattikis.gov.gr\/fr\/wp-json\/wp\/v2\/comments?post=6231"}],"version-history":[{"count":2,"href":"https:\/\/apdattikis.gov.gr\/fr\/wp-json\/wp\/v2\/pages\/6231\/revisions"}],"predecessor-version":[{"id":6236,"href":"https:\/\/apdattikis.gov.gr\/fr\/wp-json\/wp\/v2\/pages\/6231\/revisions\/6236"}],"wp:attachment":[{"href":"https:\/\/apdattikis.gov.gr\/fr\/wp-json\/wp\/v2\/media?parent=6231"}],"curies":[{"name":"wp","href":"https:\/\/api.w.org\/{rel}","templated":true}]}}