{"id":6221,"date":"2023-11-29T12:59:56","date_gmt":"2023-11-29T09:59:56","guid":{"rendered":"https:\/\/apdattikis.gov.gr\/dilosi-prosvasimotitas\/"},"modified":"2023-11-29T17:22:29","modified_gmt":"2023-11-29T14:22:29","slug":"declaration-daccessibilite","status":"publish","type":"page","link":"https:\/\/apdattikis.gov.gr\/fr\/declaration-daccessibilite\/","title":{"rendered":"D\u00e9claration d&#8217;accessibilit\u00e9"},"content":{"rendered":"<p>L&#8217;Administration D\u00e9centralis\u00e9e de l&#8217;Attique s&#8217;engage \u00e0 garantir l&#8217;accessibilit\u00e9 de son site web conform\u00e9ment aux dispositions de la loi 4727\/2020 (Journal officiel 184 A&#8217; 23-09-2020), le cas \u00e9ch\u00e9ant.<\/p>\n<p>Cette d\u00e9claration d&#8217;accessibilit\u00e9 concerne le site <a href=\"https:\/\/apdattikis.gov.gr\/\" target=\"_new\" rel=\"noopener\">apdattikis.gov.gr<\/a>.<\/p>\n<h3><a href=\"#1\">\u00c9tat de Conformit\u00e9<\/a><\/h3>\n<p>Ce site web et son application associ\u00e9e respectent pleinement les exigences en mati\u00e8re d&#8217;accessibilit\u00e9 \u00e9nonc\u00e9es \u00e0 l&#8217;article 39 de la loi 4727\/2020 et sont partiellement conformes \u00e0 la norme WCAG 2.1 (niveau AA).<\/p>\n<p>Plus pr\u00e9cis\u00e9ment, le site web et l&#8217;application int\u00e8grent le Widget d&#8217;Accessibilit\u00e9 du Site Web UserWay, aliment\u00e9 par un serveur d&#8217;accessibilit\u00e9 d\u00e9di\u00e9. Ce widget offre une gamme de fonctionnalit\u00e9s pour faciliter l&#8217;utilisation par les personnes handicap\u00e9es, couvrant les d\u00e9ficiences visuelles, auditives, cognitives et motrices. Le Widget r\u00e9sout efficacement la plupart des probl\u00e8mes d&#8217;accessibilit\u00e9 jusqu&#8217;au niveau AA de WCAG 2.1.<\/p>\n<h3><a href=\"#2\">Pr\u00e9paration de cette D\u00e9claration d&#8217;Accessibilit\u00e9<\/a><\/h3>\n<p>L&#8217;\u00e9valuation de la conformit\u00e9 du site web et de l&#8217;application aux exigences de la Directive (UE) 2016\/2102 et aux lignes directrices WCAG 2.1 (niveau A et niveau AA) a \u00e9t\u00e9 r\u00e9alis\u00e9e \u00e0 l&#8217;aide du <a href=\"https:\/\/userway.org\/\" target=\"_new\" rel=\"noopener\">Widget d&#8217;Accessibilit\u00e9 du Site Web UserWay<\/a>.<\/p>\n<p>Cette d\u00e9claration a \u00e9t\u00e9 r\u00e9vis\u00e9e pour la derni\u00e8re fois le 29\/11\/2023.<\/p>\n<h3><a href=\"#3\">Activation du Menu d&#8217;Accessibilit\u00e9<\/a><\/h3>\n<p>Le menu d&#8217;accessibilit\u00e9 du site <a href=\"https:\/\/apdattikis.gov.gr\/\" target=\"_new\" rel=\"noopener\">apdattikis.gov.gr<\/a> peut \u00eatre activ\u00e9 en cliquant sur l&#8217;ic\u00f4ne du menu d&#8217;accessibilit\u00e9 situ\u00e9e en p\u00e9riph\u00e9rie de la page. Une fois activ\u00e9, veuillez patienter un moment pour le chargement complet du menu.<\/p>\n<h3><a href=\"#4\">Contenu Non Accessible<\/a><\/h3>\n<p>Le contenu des sites web tiers, accessible via des liens en dehors de <a href=\"https:\/\/apdattikis.gov.gr\/\" target=\"_new\" rel=\"noopener\">apdattikis.gov.gr<\/a>, est exempt\u00e9 des consid\u00e9rations d&#8217;accessibilit\u00e9, conform\u00e9ment \u00e0 la disposition (e) du paragraphe 3 de l&#8217;article 37 de la loi 4727\/2020.<\/p>\n<h3><a href=\"#5\">Soumission de Commentaires et Coordonn\u00e9es de Contact<\/a><\/h3>\n<p>L&#8217;Administration D\u00e9centralis\u00e9e de l&#8217;Attique s&#8217;engage \u00e0 des efforts continus pour am\u00e9liorer l&#8217;accessibilit\u00e9 du site web et de l&#8217;application, garantissant un acc\u00e8s \u00e9gal pour tous les utilisateurs, ind\u00e9pendamment des capacit\u00e9s physiques ou des contraintes technologiques.<\/p>\n<p>Pour signaler des probl\u00e8mes ou demander l&#8217;acc\u00e8s \u00e0 des informations ou des documents non accessibles, veuillez utiliser les <a href=\"https:\/\/chat.openai.com\/c\/ad54a018-275f-48fa-9402-83b108c593e7#contact\" target=\"_new\" rel=\"noopener\">coordonn\u00e9es de contact<\/a> fournies pour les commentaires.<\/p>\n<h3><a href=\"#6\">Proc\u00e9dure d&#8217;Ex\u00e9cution<\/a><\/h3>\n<p>Les r\u00e9ponses aux demandes seront communiqu\u00e9es \u00e0 la partie int\u00e9ress\u00e9e de mani\u00e8re opportune et appropri\u00e9e.<\/p>\n<p>En cas de r\u00e9ponse insatisfaisante, les individus ont le droit de contacter les autorit\u00e9s institutionnelles comp\u00e9tentes, y compris en soumettant un rapport au <a href=\"https:\/\/www.synigoros.gr\/\" target=\"_new\" rel=\"noopener\">M\u00e9diateur Grec<\/a>.<\/p>\n<p><a href=\"https:\/\/chat.openai.com\/c\/ad54a018-275f-48fa-9402-83b108c593e7#contact\" target=\"_new\" rel=\"noopener\">Coordonn\u00e9es de Contact<\/a> Pour une assistance suppl\u00e9mentaire ou pour soumettre des commentaires sur l&#8217;accessibilit\u00e9, veuillez nous contacter \u00e0 [ins\u00e9rer les coordonn\u00e9es de contact].<\/p>\n","protected":false},"excerpt":{"rendered":"<p>L&#8217;Administration D\u00e9centralis\u00e9e de l&#8217;Attique s&#8217;engage \u00e0 garantir l&#8217;accessibilit\u00e9 de son site web conform\u00e9ment aux dispositions de la loi 4727\/2020 (Journal officiel 184 A&#8217; 23-09-2020), le cas \u00e9ch\u00e9ant. Cette d\u00e9claration d&#8217;accessibilit\u00e9 concerne le site apdattikis.gov.gr. \u00c9tat de Conformit\u00e9 Ce site web et son application associ\u00e9e respectent pleinement les exigences en mati\u00e8re d&#8217;accessibilit\u00e9 \u00e9nonc\u00e9es \u00e0 l&#8217;article 39 [&hellip;]<\/p>\n","protected":false},"author":16,"featured_media":0,"parent":0,"menu_order":0,"comment_status":"closed","ping_status":"closed","template":"","meta":{"footnotes":""},"class_list":["post-6221","page","type-page","status-publish","hentry"],"yoast_head":"<!-- This site is optimized with the Yoast SEO plugin v27.1.1 - https:\/\/yoast.com\/product\/yoast-seo-wordpress\/ -->\n<title>D\u00e9claration d&#039;accessibilit\u00e9 - \u0391\u03c0\u03bf\u03ba\u03b5\u03bd\u03c4\u03c1\u03c9\u03bc\u03ad\u03bd\u03b7 \u0394\u03b9\u03bf\u03af\u03ba\u03b7\u03c3\u03b7 \u0391\u03c4\u03c4\u03b9\u03ba\u03ae\u03c2<\/title>\n<meta name=\"robots\" content=\"index, follow, max-snippet:-1, max-image-preview:large, max-video-preview:-1\" \/>\n<link rel=\"canonical\" href=\"https:\/\/apdattikis.gov.gr\/fr\/declaration-daccessibilite\/\" \/>\n<meta property=\"og:locale\" content=\"fr_FR\" \/>\n<meta property=\"og:type\" content=\"article\" \/>\n<meta property=\"og:title\" content=\"D\u00e9claration d&#039;accessibilit\u00e9 - \u0391\u03c0\u03bf\u03ba\u03b5\u03bd\u03c4\u03c1\u03c9\u03bc\u03ad\u03bd\u03b7 \u0394\u03b9\u03bf\u03af\u03ba\u03b7\u03c3\u03b7 \u0391\u03c4\u03c4\u03b9\u03ba\u03ae\u03c2\" \/>\n<meta property=\"og:description\" content=\"L&#8217;Administration D\u00e9centralis\u00e9e de l&#8217;Attique s&#8217;engage \u00e0 garantir l&#8217;accessibilit\u00e9 de son site web conform\u00e9ment aux dispositions de la loi 4727\/2020 (Journal officiel 184 A&#8217; 23-09-2020), le cas \u00e9ch\u00e9ant. Cette d\u00e9claration d&#8217;accessibilit\u00e9 concerne le site apdattikis.gov.gr. \u00c9tat de Conformit\u00e9 Ce site web et son application associ\u00e9e respectent pleinement les exigences en mati\u00e8re d&#8217;accessibilit\u00e9 \u00e9nonc\u00e9es \u00e0 l&#8217;article 39 [&hellip;]\" \/>\n<meta property=\"og:url\" content=\"https:\/\/apdattikis.gov.gr\/fr\/declaration-daccessibilite\/\" \/>\n<meta property=\"og:site_name\" content=\"\u0391\u03c0\u03bf\u03ba\u03b5\u03bd\u03c4\u03c1\u03c9\u03bc\u03ad\u03bd\u03b7 \u0394\u03b9\u03bf\u03af\u03ba\u03b7\u03c3\u03b7 \u0391\u03c4\u03c4\u03b9\u03ba\u03ae\u03c2\" \/>\n<meta property=\"article:modified_time\" content=\"2023-11-29T14:22:29+00:00\" \/>\n<meta name=\"twitter:card\" content=\"summary_large_image\" \/>\n<meta name=\"twitter:label1\" content=\"Est. reading time\" \/>\n\t<meta name=\"twitter:data1\" content=\"3 minutes\" \/>\n<script type=\"application\/ld+json\" class=\"yoast-schema-graph\">{\"@context\":\"https:\/\/schema.org\",\"@graph\":[{\"@type\":\"WebPage\",\"@id\":\"https:\/\/apdattikis.gov.gr\/fr\/declaration-daccessibilite\/\",\"url\":\"https:\/\/apdattikis.gov.gr\/fr\/declaration-daccessibilite\/\",\"name\":\"D\u00e9claration d'accessibilit\u00e9 - \u0391\u03c0\u03bf\u03ba\u03b5\u03bd\u03c4\u03c1\u03c9\u03bc\u03ad\u03bd\u03b7 \u0394\u03b9\u03bf\u03af\u03ba\u03b7\u03c3\u03b7 \u0391\u03c4\u03c4\u03b9\u03ba\u03ae\u03c2\",\"isPartOf\":{\"@id\":\"https:\/\/apdattikis.gov.gr\/#website\"},\"datePublished\":\"2023-11-29T09:59:56+00:00\",\"dateModified\":\"2023-11-29T14:22:29+00:00\",\"inLanguage\":\"fr-FR\",\"potentialAction\":[{\"@type\":\"ReadAction\",\"target\":[\"https:\/\/apdattikis.gov.gr\/fr\/declaration-daccessibilite\/\"]}]},{\"@type\":\"WebSite\",\"@id\":\"https:\/\/apdattikis.gov.gr\/#website\",\"url\":\"https:\/\/apdattikis.gov.gr\/\",\"name\":\"\u0391\u03c0\u03bf\u03ba\u03b5\u03bd\u03c4\u03c1\u03c9\u03bc\u03ad\u03bd\u03b7 \u0394\u03b9\u03bf\u03af\u03ba\u03b7\u03c3\u03b7 \u0391\u03c4\u03c4\u03b9\u03ba\u03ae\u03c2\",\"description\":\"\",\"publisher\":{\"@id\":\"https:\/\/apdattikis.gov.gr\/#organization\"},\"potentialAction\":[{\"@type\":\"SearchAction\",\"target\":{\"@type\":\"EntryPoint\",\"urlTemplate\":\"https:\/\/apdattikis.gov.gr\/?s={search_term_string}\"},\"query-input\":{\"@type\":\"PropertyValueSpecification\",\"valueRequired\":true,\"valueName\":\"search_term_string\"}}],\"inLanguage\":\"fr-FR\"},{\"@type\":\"Organization\",\"@id\":\"https:\/\/apdattikis.gov.gr\/#organization\",\"name\":\"\u0391\u03c0\u03bf\u03ba\u03b5\u03bd\u03c4\u03c1\u03c9\u03bc\u03ad\u03bd\u03b7 \u0394\u03b9\u03bf\u03af\u03ba\u03b7\u03c3\u03b7 \u0391\u03c4\u03c4\u03b9\u03ba\u03ae\u03c2\",\"url\":\"https:\/\/apdattikis.gov.gr\/\",\"logo\":{\"@type\":\"ImageObject\",\"inLanguage\":\"fr-FR\",\"@id\":\"https:\/\/apdattikis.gov.gr\/#\/schema\/logo\/image\/\",\"url\":\"https:\/\/apdattikis.gov.gr\/wp-content\/uploads\/2023\/10\/1600-975-max.jpg\",\"contentUrl\":\"https:\/\/apdattikis.gov.gr\/wp-content\/uploads\/2023\/10\/1600-975-max.jpg\",\"width\":1600,\"height\":975,\"caption\":\"\u0391\u03c0\u03bf\u03ba\u03b5\u03bd\u03c4\u03c1\u03c9\u03bc\u03ad\u03bd\u03b7 \u0394\u03b9\u03bf\u03af\u03ba\u03b7\u03c3\u03b7 \u0391\u03c4\u03c4\u03b9\u03ba\u03ae\u03c2\"},\"image\":{\"@id\":\"https:\/\/apdattikis.gov.gr\/#\/schema\/logo\/image\/\"}}]}<\/script>\n<!-- \/ Yoast SEO plugin. -->","yoast_head_json":{"title":"D\u00e9claration d'accessibilit\u00e9 - \u0391\u03c0\u03bf\u03ba\u03b5\u03bd\u03c4\u03c1\u03c9\u03bc\u03ad\u03bd\u03b7 \u0394\u03b9\u03bf\u03af\u03ba\u03b7\u03c3\u03b7 \u0391\u03c4\u03c4\u03b9\u03ba\u03ae\u03c2","robots":{"index":"index","follow":"follow","max-snippet":"max-snippet:-1","max-image-preview":"max-image-preview:large","max-video-preview":"max-video-preview:-1"},"canonical":"https:\/\/apdattikis.gov.gr\/fr\/declaration-daccessibilite\/","og_locale":"fr_FR","og_type":"article","og_title":"D\u00e9claration d'accessibilit\u00e9 - \u0391\u03c0\u03bf\u03ba\u03b5\u03bd\u03c4\u03c1\u03c9\u03bc\u03ad\u03bd\u03b7 \u0394\u03b9\u03bf\u03af\u03ba\u03b7\u03c3\u03b7 \u0391\u03c4\u03c4\u03b9\u03ba\u03ae\u03c2","og_description":"L&#8217;Administration D\u00e9centralis\u00e9e de l&#8217;Attique s&#8217;engage \u00e0 garantir l&#8217;accessibilit\u00e9 de son site web conform\u00e9ment aux dispositions de la loi 4727\/2020 (Journal officiel 184 A&#8217; 23-09-2020), le cas \u00e9ch\u00e9ant. Cette d\u00e9claration d&#8217;accessibilit\u00e9 concerne le site apdattikis.gov.gr. \u00c9tat de Conformit\u00e9 Ce site web et son application associ\u00e9e respectent pleinement les exigences en mati\u00e8re d&#8217;accessibilit\u00e9 \u00e9nonc\u00e9es \u00e0 l&#8217;article 39 [&hellip;]","og_url":"https:\/\/apdattikis.gov.gr\/fr\/declaration-daccessibilite\/","og_site_name":"\u0391\u03c0\u03bf\u03ba\u03b5\u03bd\u03c4\u03c1\u03c9\u03bc\u03ad\u03bd\u03b7 \u0394\u03b9\u03bf\u03af\u03ba\u03b7\u03c3\u03b7 \u0391\u03c4\u03c4\u03b9\u03ba\u03ae\u03c2","article_modified_time":"2023-11-29T14:22:29+00:00","twitter_card":"summary_large_image","twitter_misc":{"Est. reading time":"3 minutes"},"schema":{"@context":"https:\/\/schema.org","@graph":[{"@type":"WebPage","@id":"https:\/\/apdattikis.gov.gr\/fr\/declaration-daccessibilite\/","url":"https:\/\/apdattikis.gov.gr\/fr\/declaration-daccessibilite\/","name":"D\u00e9claration d'accessibilit\u00e9 - \u0391\u03c0\u03bf\u03ba\u03b5\u03bd\u03c4\u03c1\u03c9\u03bc\u03ad\u03bd\u03b7 \u0394\u03b9\u03bf\u03af\u03ba\u03b7\u03c3\u03b7 \u0391\u03c4\u03c4\u03b9\u03ba\u03ae\u03c2","isPartOf":{"@id":"https:\/\/apdattikis.gov.gr\/#website"},"datePublished":"2023-11-29T09:59:56+00:00","dateModified":"2023-11-29T14:22:29+00:00","inLanguage":"fr-FR","potentialAction":[{"@type":"ReadAction","target":["https:\/\/apdattikis.gov.gr\/fr\/declaration-daccessibilite\/"]}]},{"@type":"WebSite","@id":"https:\/\/apdattikis.gov.gr\/#website","url":"https:\/\/apdattikis.gov.gr\/","name":"\u0391\u03c0\u03bf\u03ba\u03b5\u03bd\u03c4\u03c1\u03c9\u03bc\u03ad\u03bd\u03b7 \u0394\u03b9\u03bf\u03af\u03ba\u03b7\u03c3\u03b7 \u0391\u03c4\u03c4\u03b9\u03ba\u03ae\u03c2","description":"","publisher":{"@id":"https:\/\/apdattikis.gov.gr\/#organization"},"potentialAction":[{"@type":"SearchAction","target":{"@type":"EntryPoint","urlTemplate":"https:\/\/apdattikis.gov.gr\/?s={search_term_string}"},"query-input":{"@type":"PropertyValueSpecification","valueRequired":true,"valueName":"search_term_string"}}],"inLanguage":"fr-FR"},{"@type":"Organization","@id":"https:\/\/apdattikis.gov.gr\/#organization","name":"\u0391\u03c0\u03bf\u03ba\u03b5\u03bd\u03c4\u03c1\u03c9\u03bc\u03ad\u03bd\u03b7 \u0394\u03b9\u03bf\u03af\u03ba\u03b7\u03c3\u03b7 \u0391\u03c4\u03c4\u03b9\u03ba\u03ae\u03c2","url":"https:\/\/apdattikis.gov.gr\/","logo":{"@type":"ImageObject","inLanguage":"fr-FR","@id":"https:\/\/apdattikis.gov.gr\/#\/schema\/logo\/image\/","url":"https:\/\/apdattikis.gov.gr\/wp-content\/uploads\/2023\/10\/1600-975-max.jpg","contentUrl":"https:\/\/apdattikis.gov.gr\/wp-content\/uploads\/2023\/10\/1600-975-max.jpg","width":1600,"height":975,"caption":"\u0391\u03c0\u03bf\u03ba\u03b5\u03bd\u03c4\u03c1\u03c9\u03bc\u03ad\u03bd\u03b7 \u0394\u03b9\u03bf\u03af\u03ba\u03b7\u03c3\u03b7 \u0391\u03c4\u03c4\u03b9\u03ba\u03ae\u03c2"},"image":{"@id":"https:\/\/apdattikis.gov.gr\/#\/schema\/logo\/image\/"}}]}},"_links":{"self":[{"href":"https:\/\/apdattikis.gov.gr\/fr\/wp-json\/wp\/v2\/pages\/6221","targetHints":{"allow":["GET"]}}],"collection":[{"href":"https:\/\/apdattikis.gov.gr\/fr\/wp-json\/wp\/v2\/pages"}],"about":[{"href":"https:\/\/apdattikis.gov.gr\/fr\/wp-json\/wp\/v2\/types\/page"}],"author":[{"embeddable":true,"href":"https:\/\/apdattikis.gov.gr\/fr\/wp-json\/wp\/v2\/users\/16"}],"replies":[{"embeddable":true,"href":"https:\/\/apdattikis.gov.gr\/fr\/wp-json\/wp\/v2\/comments?post=6221"}],"version-history":[{"count":3,"href":"https:\/\/apdattikis.gov.gr\/fr\/wp-json\/wp\/v2\/pages\/6221\/revisions"}],"predecessor-version":[{"id":6226,"href":"https:\/\/apdattikis.gov.gr\/fr\/wp-json\/wp\/v2\/pages\/6221\/revisions\/6226"}],"wp:attachment":[{"href":"https:\/\/apdattikis.gov.gr\/fr\/wp-json\/wp\/v2\/media?parent=6221"}],"curies":[{"name":"wp","href":"https:\/\/api.w.org\/{rel}","templated":true}]}}